{"id":341,"date":"2021-05-11T10:14:49","date_gmt":"2021-05-11T10:14:49","guid":{"rendered":"https:\/\/bridge431.qodeinteractive.com\/?page_id=341"},"modified":"2024-12-30T12:30:25","modified_gmt":"2024-12-30T11:30:25","slug":"o-nas","status":"publish","type":"page","link":"https:\/\/profes.org.pl\/en\/o-nas\/","title":{"rendered":"About us"},"content":{"rendered":"<div data-elementor-type=\"wp-page\" data-elementor-id=\"341\" class=\"elementor elementor-341\" data-elementor-post-type=\"page\">\n\t\t\t\t<div class=\"elementor-element elementor-element-f4dfea2 e-con-full qode_elementor_container_inner e-flex parallax_section_no e-con e-parent\" data-id=\"f4dfea2\" data-element_type=\"container\">\n\t\t<div class=\"elementor-element elementor-element-9a7a725 e-con-full e-flex parallax_section_no qode_elementor_container_no e-con e-child\" data-id=\"9a7a725\" data-element_type=\"container\">\n\t\t<div class=\"elementor-element elementor-element-fad7753 e-con-full e-flex parallax_section_no qode_elementor_container_no e-con e-child\" data-id=\"fad7753\" data-element_type=\"container\">\n\t\t\t\t<div class=\"elementor-element elementor-element-e7ba2b1 elementor-widget elementor-widget-text-editor\" data-id=\"e7ba2b1\" data-element_type=\"widget\" data-widget_type=\"text-editor.default\">\n\t\t\t\t<div class=\"elementor-widget-container\">\n\t\t\t\t\t\t\t\t\t<p>We are a company with many years of experience specializing in welding and oversized transport. With a team of highly qualified engineers and specialists, we ensure the highest quality of services, delivering comprehensive projects in the industrial sector.<\/p>\t\t\t\t\t\t\t\t<\/div>\n\t\t\t\t<\/div>\n\t\t\t\t<div class=\"elementor-element elementor-element-6bdfc0b elementor-widget elementor-widget-text-editor\" data-id=\"6bdfc0b\" data-element_type=\"widget\" data-widget_type=\"text-editor.default\">\n\t\t\t\t<div class=\"elementor-widget-container\">\n\t\t\t\t\t\t\t\t\t<p><strong>Our Services:<\/strong><\/p><ul><li><strong>Welding<\/strong> \u2013 We provide comprehensive welding services, including steel structure welding and prefabrication. We hold welding certifications and have many years of experience in various welding methods.<\/li><li><strong>Oversized transport<\/strong> \u2013 We provide transport, loading, assembly, and disassembly of equipment and industrial lines. We specialize in transporting large-scale equipment, ensuring its safety at every stage of the process.<\/li><\/ul>\t\t\t\t\t\t\t\t<\/div>\n\t\t\t\t<\/div>\n\t\t\t\t<div class=\"elementor-element elementor-element-b05e459 elementor-widget elementor-widget-spacer\" data-id=\"b05e459\" data-element_type=\"widget\" data-widget_type=\"spacer.default\">\n\t\t\t\t<div class=\"elementor-widget-container\">\n\t\t\t\t\t\t\t<div class=\"elementor-spacer\">\n\t\t\t<div class=\"elementor-spacer-inner\"><\/div>\n\t\t<\/div>\n\t\t\t\t\t\t<\/div>\n\t\t\t\t<\/div>\n\t\t\t\t<\/div>\n\t\t\t\t<\/div>\n\t\t<div class=\"elementor-element elementor-element-a3bc8ab e-con-full e-flex parallax_section_no qode_elementor_container_no e-con e-child\" data-id=\"a3bc8ab\" data-element_type=\"container\">\n\t\t\t\t<div class=\"elementor-element elementor-element-cc944c4 elementor-widget elementor-widget-text-editor\" data-id=\"cc944c4\" data-element_type=\"widget\" data-widget_type=\"text-editor.default\">\n\t\t\t\t<div class=\"elementor-widget-container\">\n\t\t\t\t\t\t\t\t\t<p><strong>Our production<\/strong><br \/>We have a production hall where we carry out machine repairs and the prefabrication of steel structures. With the right equipment and experience, we execute projects in compliance with the highest standards.<\/p>\t\t\t\t\t\t\t\t<\/div>\n\t\t\t\t<\/div>\n\t\t\t\t<div class=\"elementor-element elementor-element-d5422f7 elementor-widget elementor-widget-spacer\" data-id=\"d5422f7\" data-element_type=\"widget\" data-widget_type=\"spacer.default\">\n\t\t\t\t<div class=\"elementor-widget-container\">\n\t\t\t\t\t\t\t<div class=\"elementor-spacer\">\n\t\t\t<div class=\"elementor-spacer-inner\"><\/div>\n\t\t<\/div>\n\t\t\t\t\t\t<\/div>\n\t\t\t\t<\/div>\n\t\t\t\t<div class=\"elementor-element elementor-element-0df6402 elementor-widget elementor-widget-text-editor\" data-id=\"0df6402\" data-element_type=\"widget\" data-widget_type=\"text-editor.default\">\n\t\t\t\t<div class=\"elementor-widget-container\">\n\t\t\t\t\t\t\t\t\t<p><strong>Quality management<\/strong><br \/>We operate in compliance with PN-EN ISO 3834 and PN-EN 1090-2 standards. We guarantee high-quality services and professional execution of welding and transport projects.<\/p>\t\t\t\t\t\t\t\t<\/div>\n\t\t\t\t<\/div>\n\t\t\t\t<div class=\"elementor-element elementor-element-3de0c58 elementor-widget elementor-widget-spacer\" data-id=\"3de0c58\" data-element_type=\"widget\" data-widget_type=\"spacer.default\">\n\t\t\t\t<div class=\"elementor-widget-container\">\n\t\t\t\t\t\t\t<div class=\"elementor-spacer\">\n\t\t\t<div class=\"elementor-spacer-inner\"><\/div>\n\t\t<\/div>\n\t\t\t\t\t\t<\/div>\n\t\t\t\t<\/div>\n\t\t\t\t<div class=\"elementor-element elementor-element-d34a01a elementor-widget elementor-widget-spacer\" data-id=\"d34a01a\" data-element_type=\"widget\" data-widget_type=\"spacer.default\">\n\t\t\t\t<div class=\"elementor-widget-container\">\n\t\t\t\t\t\t\t<div class=\"elementor-spacer\">\n\t\t\t<div class=\"elementor-spacer-inner\"><\/div>\n\t\t<\/div>\n\t\t\t\t\t\t<\/div>\n\t\t\t\t<\/div>\n\t\t\t\t<div class=\"elementor-element elementor-element-a124d33 elementor-widget elementor-widget-text-editor\" data-id=\"a124d33\" data-element_type=\"widget\" data-widget_type=\"text-editor.default\">\n\t\t\t\t<div class=\"elementor-widget-container\">\n\t\t\t\t\t\t\t\t\t<p><strong>Why is it worth working with us?<\/strong><\/p><ul><li>High quality services and international certificates.<\/li><li>Experience in implementing ambitious projects.<\/li><li>Professionalism at every stage of cooperation.<\/li><\/ul><p>We invite you to contact us and cooperate!<\/p>\t\t\t\t\t\t\t\t<\/div>\n\t\t\t\t<\/div>\n\t\t\t\t<\/div>\n\t\t\t\t<\/div>\n\t\t<div class=\"elementor-element elementor-element-2037e58 e-flex e-con-boxed parallax_section_no qode_elementor_container_no e-con e-parent\" data-id=\"2037e58\" data-element_type=\"container\">\n\t\t\t\t\t<div class=\"e-con-inner\">\n\t\t\t\t<div class=\"elementor-element elementor-element-b5c676b elementor-widget elementor-widget-heading\" data-id=\"b5c676b\" data-element_type=\"widget\" data-widget_type=\"heading.default\">\n\t\t\t\t<div class=\"elementor-widget-container\">\n\t\t\t\t\t<div class=\"elementor-heading-title elementor-size-default\">We have been on the market since 1991\n<\/div>\t\t\t\t<\/div>\n\t\t\t\t<\/div>\n\t\t\t\t<div class=\"elementor-element elementor-element-0a4de10 elementor-widget__width-auto elementor-widget-divider--view-line elementor-widget elementor-widget-divider\" data-id=\"0a4de10\" data-element_type=\"widget\" data-widget_type=\"divider.default\">\n\t\t\t\t<div class=\"elementor-widget-container\">\n\t\t\t\t\t\t\t<div class=\"elementor-divider\">\n\t\t\t<span class=\"elementor-divider-separator\">\n\t\t\t\t\t\t<\/span>\n\t\t<\/div>\n\t\t\t\t\t\t<\/div>\n\t\t\t\t<\/div>\n\t\t\t\t<div class=\"elementor-element elementor-element-e90ce8b elementor-widget__width-auto elementor-widget elementor-widget-heading\" data-id=\"e90ce8b\" data-element_type=\"widget\" data-widget_type=\"heading.default\">\n\t\t\t\t<div class=\"elementor-widget-container\">\n\t\t\t\t\t<h3 class=\"elementor-heading-title elementor-size-default\">A proven recipe for success<\/h3>\t\t\t\t<\/div>\n\t\t\t\t<\/div>\n\t\t\t\t\t<\/div>\n\t\t\t\t<\/div>\n\t\t<div class=\"elementor-element elementor-element-b7e726a e-con-full qode_elementor_container_inner e-flex parallax_section_no e-con e-parent\" data-id=\"b7e726a\" data-element_type=\"container\">\n\t\t<div class=\"elementor-element elementor-element-32782a9 e-con-full e-flex parallax_section_no qode_elementor_container_no e-con e-child\" data-id=\"32782a9\" data-element_type=\"container\">\n\t\t<div class=\"elementor-element elementor-element-d31624a e-con-full e-flex parallax_section_no qode_elementor_container_no e-con e-child\" data-id=\"d31624a\" data-element_type=\"container\">\n\t\t<div class=\"elementor-element elementor-element-c6dc304 e-con-full e-flex parallax_section_no qode_elementor_container_no e-con e-child\" data-id=\"c6dc304\" data-element_type=\"container\">\n\t\t\t\t<div class=\"elementor-element elementor-element-8317f12 elementor-widget__width-initial elementor-widget elementor-widget-text-editor\" data-id=\"8317f12\" data-element_type=\"widget\" data-widget_type=\"text-editor.default\">\n\t\t\t\t<div class=\"elementor-widget-container\">\n\t\t\t\t\t\t\t\t\t<p><span style=\"color: #ff2c2c;\">01<\/span><\/p>\t\t\t\t\t\t\t\t<\/div>\n\t\t\t\t<\/div>\n\t\t\t\t<div class=\"elementor-element elementor-element-8eb6959 elementor-widget__width-initial elementor-widget elementor-widget-heading\" data-id=\"8eb6959\" data-element_type=\"widget\" data-widget_type=\"heading.default\">\n\t\t\t\t<div class=\"elementor-widget-container\">\n\t\t\t\t\t<h5 class=\"elementor-heading-title elementor-size-default\">Offer<\/h5>\t\t\t\t<\/div>\n\t\t\t\t<\/div>\n\t\t\t\t<div class=\"elementor-element elementor-element-ee647bc elementor-widget elementor-widget-spacer\" data-id=\"ee647bc\" data-element_type=\"widget\" data-widget_type=\"spacer.default\">\n\t\t\t\t<div class=\"elementor-widget-container\">\n\t\t\t\t\t\t\t<div class=\"elementor-spacer\">\n\t\t\t<div class=\"elementor-spacer-inner\"><\/div>\n\t\t<\/div>\n\t\t\t\t\t\t<\/div>\n\t\t\t\t<\/div>\n\t\t\t\t<div class=\"elementor-element elementor-element-72d23e2 elementor-widget elementor-widget-text-editor\" data-id=\"72d23e2\" data-element_type=\"widget\" data-widget_type=\"text-editor.default\">\n\t\t\t\t<div class=\"elementor-widget-container\">\n\t\t\t\t\t\t\t\t\t<p>Our offer is fully tailored to the needs of each client. We specialize in the fabrication of steel structures and technological installations. We also provide transport and installation of large-scale industrial machines and equipment. For more information, contact us via the contact form or give us a call.<\/p>\t\t\t\t\t\t\t\t<\/div>\n\t\t\t\t<\/div>\n\t\t\t\t<\/div>\n\t\t\t\t<\/div>\n\t\t<div class=\"elementor-element elementor-element-ff96dcc e-con-full e-flex parallax_section_no qode_elementor_container_no e-con e-child\" data-id=\"ff96dcc\" data-element_type=\"container\">\n\t\t<div class=\"elementor-element elementor-element-22d9975 e-con-full e-flex parallax_section_no qode_elementor_container_no e-con e-child\" data-id=\"22d9975\" data-element_type=\"container\">\n\t\t\t\t<div class=\"elementor-element elementor-element-d92ebe0 elementor-widget__width-initial elementor-widget elementor-widget-text-editor\" data-id=\"d92ebe0\" data-element_type=\"widget\" data-widget_type=\"text-editor.default\">\n\t\t\t\t<div class=\"elementor-widget-container\">\n\t\t\t\t\t\t\t\t\t<p><span style=\"color: #ff2c2c;\">02<\/span><\/p>\t\t\t\t\t\t\t\t<\/div>\n\t\t\t\t<\/div>\n\t\t\t\t<div class=\"elementor-element elementor-element-1a498dc elementor-widget__width-initial elementor-widget elementor-widget-heading\" data-id=\"1a498dc\" data-element_type=\"widget\" data-widget_type=\"heading.default\">\n\t\t\t\t<div class=\"elementor-widget-container\">\n\t\t\t\t\t<h5 class=\"elementor-heading-title elementor-size-default\">Partners.<\/h5>\t\t\t\t<\/div>\n\t\t\t\t<\/div>\n\t\t\t\t<div class=\"elementor-element elementor-element-c355fe0 elementor-widget elementor-widget-spacer\" data-id=\"c355fe0\" data-element_type=\"widget\" data-widget_type=\"spacer.default\">\n\t\t\t\t<div class=\"elementor-widget-container\">\n\t\t\t\t\t\t\t<div class=\"elementor-spacer\">\n\t\t\t<div class=\"elementor-spacer-inner\"><\/div>\n\t\t<\/div>\n\t\t\t\t\t\t<\/div>\n\t\t\t\t<\/div>\n\t\t\t\t<div class=\"elementor-element elementor-element-ac7ccae elementor-widget elementor-widget-text-editor\" data-id=\"ac7ccae\" data-element_type=\"widget\" data-widget_type=\"text-editor.default\">\n\t\t\t\t<div class=\"elementor-widget-container\">\n\t\t\t\t\t\t\t\t\t<p>We collaborate with both domestic and international partners, including companies such as International Paper Kwidzyn, Fabryka Plastik\u00f3w Pomerania, Eka Production, Group Plastivaloire, Philips Consumer Electronics Industries Poland, Knauf Pack, DP Plast, Sonac, and many others.<\/p><p>To ensure comprehensive customer service, we collaborate with a wide range of industry specialists, including designers, welders, NDT personnel, and other experts from various fields.<\/p>\t\t\t\t\t\t\t\t<\/div>\n\t\t\t\t<\/div>\n\t\t\t\t<\/div>\n\t\t\t\t<\/div>\n\t\t<div class=\"elementor-element elementor-element-38a4f6a e-con-full e-flex parallax_section_no qode_elementor_container_no e-con e-child\" data-id=\"38a4f6a\" data-element_type=\"container\">\n\t\t<div class=\"elementor-element elementor-element-2251016 e-con-full e-flex parallax_section_no qode_elementor_container_no e-con e-child\" data-id=\"2251016\" data-element_type=\"container\">\n\t\t\t\t<div class=\"elementor-element elementor-element-006af43 elementor-widget__width-initial elementor-widget elementor-widget-text-editor\" data-id=\"006af43\" data-element_type=\"widget\" data-widget_type=\"text-editor.default\">\n\t\t\t\t<div class=\"elementor-widget-container\">\n\t\t\t\t\t\t\t\t\t<p><span style=\"color: #ff2c2c;\">03<\/span><\/p>\t\t\t\t\t\t\t\t<\/div>\n\t\t\t\t<\/div>\n\t\t\t\t<div class=\"elementor-element elementor-element-1cc5d27 elementor-widget__width-initial elementor-widget elementor-widget-heading\" data-id=\"1cc5d27\" data-element_type=\"widget\" data-widget_type=\"heading.default\">\n\t\t\t\t<div class=\"elementor-widget-container\">\n\t\t\t\t\t<h5 class=\"elementor-heading-title elementor-size-default\">Mission<\/h5>\t\t\t\t<\/div>\n\t\t\t\t<\/div>\n\t\t\t\t<div class=\"elementor-element elementor-element-65116cf elementor-widget elementor-widget-spacer\" data-id=\"65116cf\" data-element_type=\"widget\" data-widget_type=\"spacer.default\">\n\t\t\t\t<div class=\"elementor-widget-container\">\n\t\t\t\t\t\t\t<div class=\"elementor-spacer\">\n\t\t\t<div class=\"elementor-spacer-inner\"><\/div>\n\t\t<\/div>\n\t\t\t\t\t\t<\/div>\n\t\t\t\t<\/div>\n\t\t\t\t<div class=\"elementor-element elementor-element-5100425 elementor-widget elementor-widget-text-editor\" data-id=\"5100425\" data-element_type=\"widget\" data-widget_type=\"text-editor.default\">\n\t\t\t\t<div class=\"elementor-widget-container\">\n\t\t\t\t\t\t\t\t\t<p>Our goal is to ensure complete customer satisfaction, which is why we make every effort to ensure our services meet the highest quality standards. We are a dynamically growing company.<\/p><p>Our flexible approach and openness to change, we are able to tailor our offer to the individual expectations of each client. We guarantee not only excellent service quality but also competitive pricing. Our company prioritizes professionalism, timeliness, and reliability, providing comprehensive support that builds trust and long-lasting relationships with clients.<\/p>\t\t\t\t\t\t\t\t<\/div>\n\t\t\t\t<\/div>\n\t\t\t\t<\/div>\n\t\t\t\t<\/div>\n\t\t\t\t<\/div>\n\t\t<div class=\"elementor-element elementor-element-ec7f17b e-con-full e-flex parallax_section_no qode_elementor_container_no e-con e-child\" data-id=\"ec7f17b\" data-element_type=\"container\">\n\t\t\t\t<div class=\"elementor-element elementor-element-580c93c elementor-widget elementor-widget-image\" data-id=\"580c93c\" data-element_type=\"widget\" data-widget_type=\"image.default\">\n\t\t\t\t<div class=\"elementor-widget-container\">\n\t\t\t\t\t\t\t\t\t\t\t\t\t\t\t<img fetchpriority=\"high\" decoding=\"async\" width=\"684\" height=\"493\" src=\"https:\/\/profes.org.pl\/wp-content\/uploads\/2021\/05\/about-image-2.jpg\" class=\"attachment-full size-full wp-image-400\" alt=\"f\" srcset=\"https:\/\/profes.org.pl\/wp-content\/uploads\/2021\/05\/about-image-2.jpg 684w, https:\/\/profes.org.pl\/wp-content\/uploads\/2021\/05\/about-image-2-300x216.jpg 300w\" sizes=\"(max-width: 684px) 100vw, 684px\" title=\"\">\t\t\t\t\t\t\t\t\t\t\t\t\t\t\t<\/div>\n\t\t\t\t<\/div>\n\t\t\t\t<\/div>\n\t\t\t\t<\/div>\n\t\t<div class=\"elementor-element elementor-element-c834e2f e-con-full e-flex parallax_section_no qode_elementor_container_no e-con e-parent\" data-id=\"c834e2f\" data-element_type=\"container\">\n\t\t<div class=\"elementor-element elementor-element-bfbb865 e-con-full e-flex parallax_section_no qode_elementor_container_no e-con e-child\" data-id=\"bfbb865\" data-element_type=\"container\">\n\t\t\t\t<div class=\"elementor-element elementor-element-bb807f9 elementor-widget elementor-widget-bridge_action\" data-id=\"bb807f9\" data-element_type=\"widget\" data-widget_type=\"bridge_action.default\">\n\t\t\t\t<div class=\"elementor-widget-container\">\n\t\t\t\t\t<div class=\"call_to_action normal\" style=\"padding-top: 61px;padding-bottom: 61px;\"><div class=\"container_inner\"><div class=\"two_columns_75_25 clearfix\"><div class=\"text_wrapper column1\"><div class=\"call_to_action_text  font_size_inherit font_weight_inherit letter_spacing_inherit\" style=\"font-size:22px;font-weight: 700;letter-spacing: 1px;\"><h4>Our company's goal is customer satisfaction. Find out how we manage to achieve this.<\/h4><\/div><\/div><div class=\"button_wrapper column2\"><a itemprop=\"url\" href=\"https:\/\/profes.org.pl\/en\/realizacje\/\" class=\"qbutton white\" target=\"\" style=\"color: #000000;border-color: #FFFFFF;background-color:#FFFFFF;\" data-hover-background-color=\"#000000\" data-hover-color=\"#FFFFFF\">REALISATIONS<\/a><\/div><\/div><\/div><\/div>\t\t\t\t<\/div>\n\t\t\t\t<\/div>\n\t\t\t\t<\/div>\n\t\t\t\t<\/div>\n\t\t\t\t<\/div>","protected":false},"excerpt":{"rendered":"<p>Jeste\u015bmy firm\u0105 z wieloletnim do\u015bwiadczeniem, specjalizuj\u0105c\u0105 si\u0119 w spawalnictwie oraz transporcie ponadgabarytowym. Dzi\u0119ki wykwalifikowanej kadrze in\u017cynier\u00f3w i specjalist\u00f3w, zapewniamy najwy\u017csz\u0105 jako\u015b\u0107 us\u0142ug, realizuj\u0105c kompleksowe projekty w obszarze przemys\u0142u. Nasze us\u0142ugi: Spawalnictwo \u2013 \u015awiadczymy kompleksowe us\u0142ugi spawalnicze, w tym spawanie konstrukcji stalowych i prefabrykacj\u0119. Posiadamy certyfikaty&#8230;<\/p>","protected":false},"author":1,"featured_media":0,"parent":0,"menu_order":2,"comment_status":"closed","ping_status":"closed","template":"full_width.php","meta":{"footnotes":""},"class_list":["post-341","page","type-page","status-publish","hentry"],"_links":{"self":[{"href":"https:\/\/profes.org.pl\/en\/wp-json\/wp\/v2\/pages\/341","targetHints":{"allow":["GET"]}}],"collection":[{"href":"https:\/\/profes.org.pl\/en\/wp-json\/wp\/v2\/pages"}],"about":[{"href":"https:\/\/profes.org.pl\/en\/wp-json\/wp\/v2\/types\/page"}],"author":[{"embeddable":true,"href":"https:\/\/profes.org.pl\/en\/wp-json\/wp\/v2\/users\/1"}],"replies":[{"embeddable":true,"href":"https:\/\/profes.org.pl\/en\/wp-json\/wp\/v2\/comments?post=341"}],"version-history":[{"count":28,"href":"https:\/\/profes.org.pl\/en\/wp-json\/wp\/v2\/pages\/341\/revisions"}],"predecessor-version":[{"id":1423,"href":"https:\/\/profes.org.pl\/en\/wp-json\/wp\/v2\/pages\/341\/revisions\/1423"}],"wp:attachment":[{"href":"https:\/\/profes.org.pl\/en\/wp-json\/wp\/v2\/media?parent=341"}],"curies":[{"name":"wp","href":"https:\/\/api.w.org\/{rel}","templated":true}]}}